{"id":197,"date":"2022-02-07T20:27:15","date_gmt":"2022-02-07T19:27:15","guid":{"rendered":"https:\/\/kimkommt.wordpress.com\/?page_id=197"},"modified":"2022-02-07T20:27:15","modified_gmt":"2022-02-07T19:27:15","slug":"datenschutzerklarung","status":"publish","type":"page","link":"https:\/\/kimkommt.de\/en\/datenschutzerklarung\/","title":{"rendered":"Privacy Policy"},"content":{"rendered":"<h3 class=\"wp-block-heading\" id=\"benennung-der-verantwortlichen-stelle\">Benennung der verantwortlichen Stelle<\/h3>\n\n\n\n<p>Die verantwortliche Stelle f\u00fcr die Datenverarbeitung auf dieser Website ist:<br>KIM KulturInstitutMobil GbR<\/p>\n\n\n\n<p>c\/o Kreatur Works<\/p>\n\n\n\n<p>Moosdorfstr. 7-9<\/p>\n\n\n\n<p>12435 Berlin<br>Die verantwortliche Stelle entscheidet allein oder gemeinsam mit anderen \u00fcber die Zwecke und Mittel der Verarbeitung von personenbezogenen Daten (z.B. Namen, Kontaktdaten o. \u00c4.).<\/p>\n\n\n\n<h3 class=\"wp-block-heading\" id=\"widerruf-ihrer-einwilligung-zur-datenverarbeitung\">Widerruf Ihrer Einwilligung zur Datenverarbeitung<\/h3>\n\n\n\n<p>Nur mit Ihrer ausdr\u00fccklichen Einwilligung sind einige Vorg\u00e4nge der Datenverarbeitung m\u00f6glich. Ein Widerruf Ihrer bereits erteilten Einwilligung ist jederzeit m\u00f6glich. F\u00fcr den Widerruf gen\u00fcgt eine formlose Mitteilung per E-Mail. Die Rechtm\u00e4\u00dfigkeit der bis zum Widerruf erfolgten Datenverarbeitung bleibt vom Widerruf unber\u00fchrt.<\/p>\n\n\n\n<h3 class=\"wp-block-heading\" id=\"recht-auf-beschwerde-bei-der-zust\u00e4ndigen-aufsichtsbeh\u00f6rde\">Recht auf Beschwerde bei der zust\u00e4ndigen Aufsichtsbeh\u00f6rde<\/h3>\n\n\n\n<p>Als Betroffener steht Ihnen im Falle eines datenschutzrechtlichen Versto\u00dfes ein Beschwerderecht bei der zust\u00e4ndigen Aufsichtsbeh\u00f6rde zu. Zust\u00e4ndige Aufsichtsbeh\u00f6rde bez\u00fcglich datenschutzrechtlicher Fragen ist der Landesdatenschutzbeauftragte des Bundeslandes, in dem sich der Sitz unseres Unternehmens befindet. Der folgende Link stellt eine Liste der Datenschutzbeauftragten sowie deren Kontaktdaten bereit: https:\/\/www.bfdi.bund.de\/DE\/Infothek\/Anschriften_Links\/anschriften_links-node.html<\/p>\n\n\n\n<h3 class=\"wp-block-heading\" id=\"recht-auf-daten\u00fcbertragbarkeit\">Recht auf Daten\u00fcbertragbarkeit<\/h3>\n\n\n\n<p>Ihnen steht das Recht zu, Daten, die wir auf Grundlage Ihrer Einwilligung oder in Erf\u00fcllung eines Vertrags automatisiert verarbeiten, an sich oder an Dritte aush\u00e4ndigen zu lassen. Die Bereitstellung erfolgt in einem maschinenlesbaren Format. Sofern Sie die direkte \u00dcbertragung der Daten an einen anderen Verantwortlichen verlangen, erfolgt dies nur, soweit es technisch machbar ist.Recht auf Auskunft, Berichtigung, Sperrung, L\u00f6schungSie haben jederzeit im Rahmen der geltenden gesetzlichen Bestimmungen das Recht auf unentgeltliche Auskunft \u00fcber Ihre gespeicherten personenbezogenen Daten, Herkunft der Daten, deren Empf\u00e4nger und den Zweck der Datenverarbeitung und ggf. ein Recht auf Berichtigung, Sperrung oder L\u00f6schung dieser Daten. Diesbez\u00fcglich und auch zu weiteren Fragen zum Thema personenbezogene Daten k\u00f6nnen Sie sich jederzeit \u00fcber die im Impressum aufgef\u00fchrten Kontaktm\u00f6glichkeiten an uns wenden.<\/p>\n\n\n\n<h3 class=\"wp-block-heading\" id=\"recht-auf-auskunft-berichtigung-sperrung-l\u00f6schung\">Recht auf Auskunft, Berichtigung, Sperrung, L\u00f6schung<\/h3>\n\n\n\n<p>Sie haben jederzeit im Rahmen der geltenden gesetzlichen Bestimmungen das Recht auf unentgeltliche Auskunft \u00fcber Ihre gespeicherten personenbezogenen Daten, Herkunft der Daten, deren Empf\u00e4nger und den Zweck der Datenverarbeitung und ggf. ein Recht auf Berichtigung, Sperrung oder L\u00f6schung dieser Daten. Diesbez\u00fcglich und auch zu weiteren Fragen zum Thema personenbezogene Daten k\u00f6nnen Sie sich jederzeit \u00fcber die im Impressum aufgef\u00fchrten Kontaktm\u00f6glichkeiten an uns wenden.<\/p>\n\n\n\n<h3 class=\"wp-block-heading\" id=\"ssl--bzw-tls-verschl\u00fcsselung\">SSL- bzw. TLS-Verschl\u00fcsselung<\/h3>\n\n\n\n<p>Aus Sicherheitsgr\u00fcnden und zum Schutz der \u00dcbertragung vertraulicher Inhalte, die Sie an uns als Seitenbetreiber senden, nutzt unsere Website eine SSL-bzw. TLS-Verschl\u00fcsselung. Damit sind Daten, die Sie \u00fcber diese Website \u00fcbermitteln, f\u00fcr Dritte nicht mitlesbar. Sie erkennen eine verschl\u00fcsselte Verbindung an der \u201ehttps:\/\/\u201c Adresszeile Ihres Browsers und am Schloss-Symbol in der Browserzeile.<\/p>\n\n\n\n<h3 class=\"wp-block-heading\" id=\"kontaktformular\">Kontaktformular<\/h3>\n\n\n\n<p>Per Kontaktformular \u00fcbermittelte Daten werden einschlie\u00dflich Ihrer Kontaktdaten gespeichert, um Ihre Anfrage bearbeiten zu k\u00f6nnen oder um f\u00fcr Anschlussfragen bereitzustehen. Eine Weitergabe dieser Daten findet ohne Ihre Einwilligung nicht statt.Die Verarbeitung der in das Kontaktformular eingegebenen Daten erfolgt ausschlie\u00dflich auf Grundlage Ihrer Einwilligung (Art. 6 Abs. 1 lit. a DSGVO). Ein Widerruf Ihrer bereits erteilten Einwilligung ist jederzeit m\u00f6glich. F\u00fcr den Widerruf gen\u00fcgt eine formlose Mitteilung per E-Mail. Die Rechtm\u00e4\u00dfigkeit der bis zum Widerruf erfolgten Datenverarbeitungsvorg\u00e4nge bleibt vom Widerruf unber\u00fchrt.\u00dcber das Kontaktformular \u00fcbermittelte Daten verbleiben bei uns, bis Sie uns zur L\u00f6schung auffordern, Ihre Einwilligung zur Speicherung widerrufen oder keine Notwendigkeit der Datenspeicherung mehr besteht. Zwingende gesetzliche Bestimmungen &#8211; insbesondere Aufbewahrungsfristen &#8211; bleiben unber\u00fchrt.<\/p>\n\n\n\n<h3 class=\"wp-block-heading\" id=\"newsletter-daten\">Newsletter-Daten<\/h3>\n\n\n\n<p>Zum Versenden unseres Newsletters ben\u00f6tigen wir von Ihnen eine E-Mail-Adresse. Eine Verifizierung der angegebenen E-Mail-Adresse ist notwendig und der Empfang des Newsletters ist einzuwilligen. Erg\u00e4nzende Daten werden nicht erhoben oder sind freiwillig. Die Verwendung der Daten erfolgt ausschlie\u00dflich f\u00fcr den Versand des Newsletters. Die bei der Newsletteranmeldung gemachten Daten werden ausschlie\u00dflich auf Grundlage Ihrer Einwilligung (Art. 6 Abs. 1 lit. a DSGVO) verarbeitet. Ein Widerruf Ihrer bereits erteilten Einwilligung ist jederzeit m\u00f6glich. F\u00fcr den Widerruf gen\u00fcgt eine formlose Mitteilung per E-Mail oder Sie melden sich \u00fcber den \u201cAustragen\u201d-Link im Newsletter ab. Die Rechtm\u00e4\u00dfigkeit der bereits erfolgten Datenverarbeitungsvorg\u00e4nge bleibt vom Widerruf unber\u00fchrt.Zur Einrichtung des Abonnements eingegebene Daten werden im Falle der Abmeldung gel\u00f6scht. Sollten diese Daten f\u00fcr andere Zwecke und an anderer Stelle an uns \u00fcbermittelt worden sein, verbleiben diese weiterhin bei uns.<\/p>\n\n\n\n<h3 class=\"wp-block-heading\" id=\"youtube\">YouTube<\/h3>\n\n\n\n<p>F\u00fcr Integration und Darstellung von Videoinhalten nutzt unsere Website Plugins von YouTube. Anbieter des Videoportals ist die YouTube, LLC, 901 Cherry Ave., San Bruno, CA 94066, USA.Bei Aufruf einer Seite mit integriertem YouTube-Plugin wird eine Verbindung zu den Servern von YouTube hergestellt. YouTube erf\u00e4hrt hierdurch, welche unserer Seiten Sie aufgerufen haben.YouTube kann Ihr Surfverhalten direkt Ihrem pers\u00f6nlichen Profil zuzuordnen, sollten Sie in Ihrem YouTube Konto eingeloggt sein. Durch vorheriges Ausloggen haben Sie die M\u00f6glichkeit, dies zu unterbinden.Die Nutzung von YouTube erfolgt im Interesse einer ansprechenden Darstellung unserer Online-Angebote. Dies stellt ein berechtigtes Interesse im Sinne von Art. 6 Abs. 1 lit. f DSGVO dar.Einzelheiten zum Umgang mit Nutzerdaten finden Sie in der Datenschutzerkl\u00e4rung von YouTube unter: https:\/\/www.google.de\/intl\/de\/policies\/privacy<\/p>\n\n\n\n<h3 class=\"wp-block-heading\" id=\"vimeo\">Vimeo<\/h3>\n\n\n\n<p>F\u00fcr Integration und Darstellung von Videoinhalten nutzt unsere Website Plugins von Vimeo. Anbieter des Videoportals ist die Vimeo Inc., 555 West 18th Street, New York, New York 10011, USA.Bei Aufruf einer Seite mit integriertem Vimeo-Plugin wird eine Verbindung zu den Servern von Vimeo hergestellt. Vimeo erf\u00e4hrt hierdurch, welche unserer Seiten Sie aufgerufen haben. Vimeo erf\u00e4hrt Ihre IP-Adresse, selbst wenn Sie nicht beim Videoportal eingeloggt sind oder dort kein Konto besitzen. Es erfolgt eine \u00dcbermittlung der von Vimeo erfassten Informationen an Server des Videoportals in den USA.Vimeo kann Ihr Surfverhalten direkt Ihrem pers\u00f6nlichen Profil zuordnen. Durch vorheriges Ausloggen haben Sie die M\u00f6glichkeit, dies zu unterbinden.Einzelheiten zum Umgang mit Nutzerdaten finden Sie in der Datenschutzerkl\u00e4rung von Vimeo unter: https:\/\/vimeo.com\/privacy<\/p>","protected":false},"excerpt":{"rendered":"<p>Benennung der verantwortlichen Stelle Die verantwortliche Stelle f\u00fcr die Datenverarbeitung auf dieser Website ist:KIM KulturInstitutMobil GbR c\/o Kreatur Works Moosdorfstr. 7-9 12435 BerlinDie verantwortliche Stelle entscheidet allein oder gemeinsam mit anderen \u00fcber die Zwecke und Mittel der Verarbeitung von personenbezogenen Daten (z.B. Namen, Kontaktdaten o. \u00c4.). Widerruf Ihrer Einwilligung zur Datenverarbeitung Nur mit Ihrer ausdr\u00fccklichen [&hellip;]<\/p>","protected":false},"author":2,"featured_media":0,"parent":0,"menu_order":0,"comment_status":"closed","ping_status":"closed","template":"","meta":{"footnotes":""},"class_list":["post-197","page","type-page","status-publish","hentry"],"yoast_head":"<!-- This site is optimized with the Yoast SEO plugin v23.5 - https:\/\/yoast.com\/wordpress\/plugins\/seo\/ -->\n<title>Datenschutzerkl\u00e4rung | KIM - KulturInstitutMobil<\/title>\n<meta name=\"robots\" content=\"index, follow, max-snippet:-1, max-image-preview:large, max-video-preview:-1\" \/>\n<link rel=\"canonical\" href=\"https:\/\/kimkommt.de\/en\/datenschutzerklarung\/\" \/>\n<meta property=\"og:locale\" content=\"en_GB\" \/>\n<meta property=\"og:type\" content=\"article\" \/>\n<meta property=\"og:title\" content=\"Datenschutzerkl\u00e4rung | KIM - KulturInstitutMobil\" \/>\n<meta property=\"og:description\" content=\"Benennung der verantwortlichen Stelle Die verantwortliche Stelle f\u00fcr die Datenverarbeitung auf dieser Website ist:KIM KulturInstitutMobil GbR c\/o Kreatur Works Moosdorfstr. 7-9 12435 BerlinDie verantwortliche Stelle entscheidet allein oder gemeinsam mit anderen \u00fcber die Zwecke und Mittel der Verarbeitung von personenbezogenen Daten (z.B. Namen, Kontaktdaten o. \u00c4.). Widerruf Ihrer Einwilligung zur Datenverarbeitung Nur mit Ihrer ausdr\u00fccklichen [&hellip;]\" \/>\n<meta property=\"og:url\" content=\"https:\/\/kimkommt.de\/en\/datenschutzerklarung\/\" \/>\n<meta property=\"og:site_name\" content=\"KIM - KulturInstitutMobil\" \/>\n<meta property=\"article:publisher\" content=\"https:\/\/www.facebook.com\/kulturinstitutmobil\" \/>\n<meta property=\"og:image\" content=\"https:\/\/kimkommt.de\/wp-content\/uploads\/2022\/03\/Bildschirmfoto-2021-02-17-um-18.01.13.png\" \/>\n\t<meta property=\"og:image:width\" content=\"1454\" \/>\n\t<meta property=\"og:image:height\" content=\"749\" \/>\n\t<meta property=\"og:image:type\" content=\"image\/png\" \/>\n<meta name=\"twitter:card\" content=\"summary_large_image\" \/>\n<meta name=\"twitter:label1\" content=\"Estimated reading time\" \/>\n\t<meta name=\"twitter:data1\" content=\"5 minutes\" \/>\n<script type=\"application\/ld+json\" class=\"yoast-schema-graph\">{\"@context\":\"https:\/\/schema.org\",\"@graph\":[{\"@type\":\"WebPage\",\"@id\":\"https:\/\/kimkommt.de\/en\/datenschutzerklarung\/\",\"url\":\"https:\/\/kimkommt.de\/en\/datenschutzerklarung\/\",\"name\":\"Datenschutzerkl\u00e4rung | KIM - KulturInstitutMobil\",\"isPartOf\":{\"@id\":\"https:\/\/kimkommt.de\/#website\"},\"datePublished\":\"2022-02-07T19:27:15+00:00\",\"dateModified\":\"2022-02-07T19:27:15+00:00\",\"breadcrumb\":{\"@id\":\"https:\/\/kimkommt.de\/en\/datenschutzerklarung\/#breadcrumb\"},\"inLanguage\":\"en-GB\",\"potentialAction\":[{\"@type\":\"ReadAction\",\"target\":[\"https:\/\/kimkommt.de\/en\/datenschutzerklarung\/\"]}]},{\"@type\":\"BreadcrumbList\",\"@id\":\"https:\/\/kimkommt.de\/en\/datenschutzerklarung\/#breadcrumb\",\"itemListElement\":[{\"@type\":\"ListItem\",\"position\":1,\"name\":\"Startseite\",\"item\":\"https:\/\/kimkommt.de\/\"},{\"@type\":\"ListItem\",\"position\":2,\"name\":\"Datenschutzerkl\u00e4rung\"}]},{\"@type\":\"WebSite\",\"@id\":\"https:\/\/kimkommt.de\/#website\",\"url\":\"https:\/\/kimkommt.de\/\",\"name\":\"KIM - KulturInstitutMobil\",\"description\":\"KIM kommt!\",\"publisher\":{\"@id\":\"https:\/\/kimkommt.de\/#organization\"},\"potentialAction\":[{\"@type\":\"SearchAction\",\"target\":{\"@type\":\"EntryPoint\",\"urlTemplate\":\"https:\/\/kimkommt.de\/?s={search_term_string}\"},\"query-input\":{\"@type\":\"PropertyValueSpecification\",\"valueRequired\":true,\"valueName\":\"search_term_string\"}}],\"inLanguage\":\"en-GB\"},{\"@type\":\"Organization\",\"@id\":\"https:\/\/kimkommt.de\/#organization\",\"name\":\"KIM - KulturInstitutMobil GbR\",\"url\":\"https:\/\/kimkommt.de\/\",\"logo\":{\"@type\":\"ImageObject\",\"inLanguage\":\"en-GB\",\"@id\":\"https:\/\/kimkommt.de\/#\/schema\/logo\/image\/\",\"url\":\"http:\/\/kimkommt.de\/wp-content\/uploads\/2022\/03\/210422_KIM_Illu-Beutel_Zeichenfla\u0308che-1.png\",\"contentUrl\":\"http:\/\/kimkommt.de\/wp-content\/uploads\/2022\/03\/210422_KIM_Illu-Beutel_Zeichenfla\u0308che-1.png\",\"width\":2446,\"height\":2447,\"caption\":\"KIM - KulturInstitutMobil GbR\"},\"image\":{\"@id\":\"https:\/\/kimkommt.de\/#\/schema\/logo\/image\/\"},\"sameAs\":[\"https:\/\/www.facebook.com\/kulturinstitutmobil\",\"https:\/\/www.instagram.com\/kulturinstitutmobil\/\"]}]}<\/script>\n<!-- \/ Yoast SEO plugin. -->","yoast_head_json":{"title":"Datenschutzerkl\u00e4rung | KIM - KulturInstitutMobil","robots":{"index":"index","follow":"follow","max-snippet":"max-snippet:-1","max-image-preview":"max-image-preview:large","max-video-preview":"max-video-preview:-1"},"canonical":"https:\/\/kimkommt.de\/en\/datenschutzerklarung\/","og_locale":"en_GB","og_type":"article","og_title":"Datenschutzerkl\u00e4rung | KIM - KulturInstitutMobil","og_description":"Benennung der verantwortlichen Stelle Die verantwortliche Stelle f\u00fcr die Datenverarbeitung auf dieser Website ist:KIM KulturInstitutMobil GbR c\/o Kreatur Works Moosdorfstr. 7-9 12435 BerlinDie verantwortliche Stelle entscheidet allein oder gemeinsam mit anderen \u00fcber die Zwecke und Mittel der Verarbeitung von personenbezogenen Daten (z.B. Namen, Kontaktdaten o. \u00c4.). Widerruf Ihrer Einwilligung zur Datenverarbeitung Nur mit Ihrer ausdr\u00fccklichen [&hellip;]","og_url":"https:\/\/kimkommt.de\/en\/datenschutzerklarung\/","og_site_name":"KIM - KulturInstitutMobil","article_publisher":"https:\/\/www.facebook.com\/kulturinstitutmobil","og_image":[{"width":1454,"height":749,"url":"https:\/\/kimkommt.de\/wp-content\/uploads\/2022\/03\/Bildschirmfoto-2021-02-17-um-18.01.13.png","type":"image\/png"}],"twitter_card":"summary_large_image","twitter_misc":{"Estimated reading time":"5 minutes"},"schema":{"@context":"https:\/\/schema.org","@graph":[{"@type":"WebPage","@id":"https:\/\/kimkommt.de\/en\/datenschutzerklarung\/","url":"https:\/\/kimkommt.de\/en\/datenschutzerklarung\/","name":"Datenschutzerkl\u00e4rung | KIM - KulturInstitutMobil","isPartOf":{"@id":"https:\/\/kimkommt.de\/#website"},"datePublished":"2022-02-07T19:27:15+00:00","dateModified":"2022-02-07T19:27:15+00:00","breadcrumb":{"@id":"https:\/\/kimkommt.de\/en\/datenschutzerklarung\/#breadcrumb"},"inLanguage":"en-GB","potentialAction":[{"@type":"ReadAction","target":["https:\/\/kimkommt.de\/en\/datenschutzerklarung\/"]}]},{"@type":"BreadcrumbList","@id":"https:\/\/kimkommt.de\/en\/datenschutzerklarung\/#breadcrumb","itemListElement":[{"@type":"ListItem","position":1,"name":"Startseite","item":"https:\/\/kimkommt.de\/"},{"@type":"ListItem","position":2,"name":"Datenschutzerkl\u00e4rung"}]},{"@type":"WebSite","@id":"https:\/\/kimkommt.de\/#website","url":"https:\/\/kimkommt.de\/","name":"KIM - KulturInstitutMobil","description":"KIM kommt!","publisher":{"@id":"https:\/\/kimkommt.de\/#organization"},"potentialAction":[{"@type":"SearchAction","target":{"@type":"EntryPoint","urlTemplate":"https:\/\/kimkommt.de\/?s={search_term_string}"},"query-input":{"@type":"PropertyValueSpecification","valueRequired":true,"valueName":"search_term_string"}}],"inLanguage":"en-GB"},{"@type":"Organization","@id":"https:\/\/kimkommt.de\/#organization","name":"KIM - KulturInstitutMobil GbR","url":"https:\/\/kimkommt.de\/","logo":{"@type":"ImageObject","inLanguage":"en-GB","@id":"https:\/\/kimkommt.de\/#\/schema\/logo\/image\/","url":"http:\/\/kimkommt.de\/wp-content\/uploads\/2022\/03\/210422_KIM_Illu-Beutel_Zeichenfla\u0308che-1.png","contentUrl":"http:\/\/kimkommt.de\/wp-content\/uploads\/2022\/03\/210422_KIM_Illu-Beutel_Zeichenfla\u0308che-1.png","width":2446,"height":2447,"caption":"KIM - KulturInstitutMobil GbR"},"image":{"@id":"https:\/\/kimkommt.de\/#\/schema\/logo\/image\/"},"sameAs":["https:\/\/www.facebook.com\/kulturinstitutmobil","https:\/\/www.instagram.com\/kulturinstitutmobil\/"]}]}},"_links":{"self":[{"href":"https:\/\/kimkommt.de\/en\/wp-json\/wp\/v2\/pages\/197","targetHints":{"allow":["GET"]}}],"collection":[{"href":"https:\/\/kimkommt.de\/en\/wp-json\/wp\/v2\/pages"}],"about":[{"href":"https:\/\/kimkommt.de\/en\/wp-json\/wp\/v2\/types\/page"}],"author":[{"embeddable":true,"href":"https:\/\/kimkommt.de\/en\/wp-json\/wp\/v2\/users\/2"}],"replies":[{"embeddable":true,"href":"https:\/\/kimkommt.de\/en\/wp-json\/wp\/v2\/comments?post=197"}],"version-history":[{"count":0,"href":"https:\/\/kimkommt.de\/en\/wp-json\/wp\/v2\/pages\/197\/revisions"}],"wp:attachment":[{"href":"https:\/\/kimkommt.de\/en\/wp-json\/wp\/v2\/media?parent=197"}],"curies":[{"name":"wp","href":"https:\/\/api.w.org\/{rel}","templated":true}]}}