{"id":91,"date":"2022-02-07T18:04:10","date_gmt":"2022-02-07T17:04:10","guid":{"rendered":"https:\/\/kimkommt.wordpress.com\/?page_id=91"},"modified":"2022-03-02T22:38:30","modified_gmt":"2022-03-02T22:38:30","slug":"kontakt","status":"publish","type":"page","link":"https:\/\/kimkommt.de\/en\/kontakt\/","title":{"rendered":"Contact"},"content":{"rendered":"<p>If you have any questions or would like to hire KIM, please contact us at <a href=\"mailto:post@kimkommt.de\" target=\"_blank\" rel=\"noreferrer noopener\">post@kimkommt.de<\/a>. If you want to stay up to date, we recommend you subscribe to KIM's newsletter:<\/p>\n\n\n\n<!-- Begin Sendinblue Form -->\n<!-- START - We recommend to place the below code in head tag of your website html  -->\n<style>\n  @font-face {\n    font-display: block;\n    font-family: Roboto;\n    src: url(https:\/\/assets.sendinblue.com\/font\/Roboto\/Latin\/normal\/normal\/7529907e9eaf8ebb5220c5f9850e3811.woff2) format(\"woff2\"), url(https:\/\/assets.sendinblue.com\/font\/Roboto\/Latin\/normal\/normal\/25c678feafdc175a70922a116c9be3e7.woff) format(\"woff\")\n  }\n\n  @font-face {\n    font-display: fallback;\n    font-family: Roboto;\n    font-weight: 600;\n    src: url(https:\/\/assets.sendinblue.com\/font\/Roboto\/Latin\/medium\/normal\/6e9caeeafb1f3491be3e32744bc30440.woff2) format(\"woff2\"), url(https:\/\/assets.sendinblue.com\/font\/Roboto\/Latin\/medium\/normal\/71501f0d8d5aa95960f6475d5487d4c2.woff) format(\"woff\")\n  }\n\n  @font-face {\n    font-display: fallback;\n    font-family: Roboto;\n    font-weight: 700;\n    src: url(https:\/\/assets.sendinblue.com\/font\/Roboto\/Latin\/bold\/normal\/3ef7cf158f310cf752d5ad08cd0e7e60.woff2) format(\"woff2\"), url(https:\/\/assets.sendinblue.com\/font\/Roboto\/Latin\/bold\/normal\/ece3a1d82f18b60bcce0211725c476aa.woff) format(\"woff\")\n  }\n\n  #sib-container input:-ms-input-placeholder {\n    text-align: left;\n    font-family: \"Helvetica\", sans-serif;\n    color: #c0ccda;\n  }\n\n  #sib-container input::placeholder {\n    text-align: left;\n    font-family: \"Helvetica\", sans-serif;\n    color: #c0ccda;\n  }\n\n  #sib-container textarea::placeholder {\n    text-align: left;\n    font-family: \"Helvetica\", sans-serif;\n    color: #c0ccda;\n  }\n<\/style>\n<link rel=\"stylesheet\" href=\"https:\/\/sibforms.com\/forms\/end-form\/build\/sib-styles.css\">\n<!--  END - We recommend to place the above code in head tag of your website html -->\n\n<!-- START - We recommend to place the below code where you want the form in your website html  -->\n<div class=\"sib-form\" style=\"text-align: center;         background-color: #cbcb04;                                 \">\n  <div id=\"sib-form-container\" class=\"sib-form-container\">\n    <div id=\"error-message\" class=\"sib-form-message-panel\" style=\"font-size:16px; text-align:left; font-family:&quot;Helvetica&quot;, sans-serif; color:#661d1d; background-color:#cccc00; border-radius:3px; border-color:#cccc00;max-width:540px;\">\n      <div class=\"sib-form-message-panel__text sib-form-message-panel__text--center\">\n        <svg viewbox=\"0 0 512 512\" class=\"sib-icon sib-notification__icon\">\n          <path d=\"M256 40c118.621 0 216 96.075 216 216 0 119.291-96.61 216-216 216-119.244 0-216-96.562-216-216 0-119.203 96.602-216 216-216m0-32C119.043 8 8 119.083 8 256c0 136.997 111.043 248 248 248s248-111.003 248-248C504 119.083 392.957 8 256 8zm-11.49 120h22.979c6.823 0 12.274 5.682 11.99 12.5l-7 168c-.268 6.428-5.556 11.5-11.99 11.5h-8.979c-6.433 0-11.722-5.073-11.99-11.5l-7-168c-.283-6.818 5.167-12.5 11.99-12.5zM256 340c-15.464 0-28 12.536-28 28s12.536 28 28 28 28-12.536 28-28-12.536-28-28-28z\" \/>\n        <\/svg>\n        <span class=\"sib-form-message-panel__inner-text\">\n                          Your registration could not be saved. Please try again.\n                      <\/span>\n      <\/div>\n    <\/div>\n    <div><\/div>\n    <div id=\"success-message\" class=\"sib-form-message-panel\" style=\"font-size:16px; text-align:left; font-family:&quot;Helvetica&quot;, sans-serif; color:#085229; background-color:#e7faf0; border-radius:3px; border-color:#13ce66;max-width:540px;\">\n      <div class=\"sib-form-message-panel__text sib-form-message-panel__text--center\">\n        <svg viewbox=\"0 0 512 512\" class=\"sib-icon sib-notification__icon\">\n          <path d=\"M256 8C119.033 8 8 119.033 8 256s111.033 248 248 248 248-111.033 248-248S392.967 8 256 8zm0 464c-118.664 0-216-96.055-216-216 0-118.663 96.055-216 216-216 118.664 0 216 96.055 216 216 0 118.663-96.055 216-216 216zm141.63-274.961L217.15 376.071c-4.705 4.667-12.303 4.637-16.97-.068l-85.878-86.572c-4.667-4.705-4.637-12.303.068-16.97l8.52-8.451c4.705-4.667 12.303-4.637 16.97.068l68.976 69.533 163.441-162.13c4.705-4.667 12.303-4.637 16.97.068l8.451 8.52c4.668 4.705 4.637 12.303-.068 16.97z\" \/>\n        <\/svg>\n        <span class=\"sib-form-message-panel__inner-text\">\n                          Your registration was successful.\n                      <\/span>\n      <\/div>\n    <\/div>\n    <div><\/div>\n    <div id=\"sib-container\" class=\"sib-container--large sib-container--vertical\" style=\"text-align:center; background-color:rgba(204,204,0,1); max-width:540px; border-radius:3px; border-width:1px; border-color:#cccc00; border-style:solid;\">\n      <form id=\"sib-form\" method=\"POST\" action=\"https:\/\/027e9e6b.sibforms.com\/serve\/MUIEAMdDNg_LY1Z1UV8JqflGBzK198qFtfiAPdh7CN1Tmsis86eGJyaW5rHM39zFu0a9SgLVc8C6Lv-gybwPZ6Yq44lRhx7R9cx2swB5XC9ncFtpm3XeItReMnbrVhy9UKCdQTyUYEs5_mn8hJayhQm5QCXx0-W08BOn1PppWkQ29QShekgpJqIMXllfUyd3mrxPXpC93AF0WQXX\" data-type=\"subscription\" data-trp-original-action=\"https:\/\/027e9e6b.sibforms.com\/serve\/MUIEAMdDNg_LY1Z1UV8JqflGBzK198qFtfiAPdh7CN1Tmsis86eGJyaW5rHM39zFu0a9SgLVc8C6Lv-gybwPZ6Yq44lRhx7R9cx2swB5XC9ncFtpm3XeItReMnbrVhy9UKCdQTyUYEs5_mn8hJayhQm5QCXx0-W08BOn1PppWkQ29QShekgpJqIMXllfUyd3mrxPXpC93AF0WQXX\">\n        <div style=\"padding: 8px 0;\">\n          <div class=\"sib-input sib-form-block\">\n            <div class=\"form__entry entry_block\">\n              <div class=\"form__label-row\">\n\n                <div class=\"entry__field\">\n                  <input class=\"input\" type=\"text\" id=\"EMAIL\" name=\"EMAIL\" autocomplete=\"off\" placeholder=\"EMAIL\" data-required=\"true\" required \/>\n                <\/div>\n              <\/div>\n\n              <label class=\"entry__error entry__error--primary\" style=\"font-size:16px; text-align:left; font-family:&quot;Helvetica&quot;, sans-serif; color:#661d1d; background-color:#cccc00; border-radius:3px; border-color:#cccc00;\">\n              <\/label>\n            <\/div>\n          <\/div>\n        <\/div>\n        <div style=\"padding: 8px 0;\">\n          <div class=\"sib-optin sib-form-block\">\n            <div class=\"form__entry entry_mcq\">\n              <div class=\"form__label-row\">\n                <div class=\"entry__choice\">\n                  <label>\n                    <input type=\"checkbox\" class=\"input_replaced\" value=\"1\" id=\"OPT_IN\" name=\"OPT_IN\" \/>\n                    <span class=\"checkbox checkbox_tick_positive\"><\/span><span style=\"font-size:14px; text-align:left; font-family:&quot;Helvetica&quot;, sans-serif; color:#07585f; background-color:transparent;\"><p>I would like to receive your newsletter and accept the <a href=\"https:\/\/kimkommt.de\/en\/datenschutzerklarung\/\" target=\"_blank\" rel=\"noopener\">Privacy Policy<\/a>.<\/p><\/span> <\/label>\n                <\/div>\n              <\/div>\n              <label class=\"entry__error entry__error--primary\" style=\"font-size:16px; text-align:left; font-family:&quot;Helvetica&quot;, sans-serif; color:#661d1d; background-color:#cccc00; border-radius:3px; border-color:#cccc00;\">\n              <\/label>\n            <\/div>\n          <\/div>\n        <\/div>\n        <div style=\"padding: 8px 0;\">\n          <div class=\"sib-form__declaration\">\n            <div class=\"declaration-block-icon\">\n              <svg class=\"icon__SVG\" width=\"0\" height=\"0\" version=\"1.1\" xmlns=\"http:\/\/www.w3.org\/2000\/svg\">\n                <defs>\n                  <symbol id=\"svgIcon-sphere\" viewbox=\"0 0 63 63\">\n                    <path class=\"path1\" d=\"M31.54 0l1.05 3.06 3.385-.01-2.735 1.897 1.05 3.042-2.748-1.886-2.738 1.886 1.044-3.05-2.745-1.897h3.393zm13.97 3.019L46.555 6.4l3.384.01-2.743 2.101 1.048 3.387-2.752-2.1-2.752 2.1 1.054-3.382-2.745-2.105h3.385zm9.998 10.056l1.039 3.382h3.38l-2.751 2.1 1.05 3.382-2.744-2.091-2.743 2.091 1.054-3.381-2.754-2.1h3.385zM58.58 27.1l1.04 3.372h3.379l-2.752 2.096 1.05 3.387-2.744-2.091-2.75 2.092 1.054-3.387-2.747-2.097h3.376zm-3.076 14.02l1.044 3.364h3.385l-2.743 2.09 1.05 3.392-2.744-2.097-2.743 2.097 1.052-3.377-2.752-2.117 3.385-.01zm-9.985 9.91l1.045 3.364h3.393l-2.752 2.09 1.05 3.393-2.745-2.097-2.743 2.097 1.05-3.383-2.751-2.1 3.384-.01zM31.45 55.01l1.044 3.043 3.393-.008-2.752 1.9L34.19 63l-2.744-1.895-2.748 1.891 1.054-3.05-2.743-1.9h3.384zm-13.934-3.98l1.036 3.364h3.402l-2.752 2.09 1.053 3.393-2.747-2.097-2.752 2.097 1.053-3.382-2.743-2.1 3.384-.01zm-9.981-9.91l1.045 3.364h3.398l-2.748 2.09 1.05 3.392-2.753-2.1-2.752 2.096 1.053-3.382-2.743-2.102 3.384-.009zM4.466 27.1l1.038 3.372H8.88l-2.752 2.097 1.053 3.387-2.743-2.09-2.748 2.09 1.053-3.387L0 30.472h3.385zm3.069-14.025l1.045 3.382h3.395L9.23 18.56l1.05 3.381-2.752-2.09-2.752 2.09 1.053-3.381-2.744-2.1h3.384zm9.99-10.056L18.57 6.4l3.393.01-2.743 2.1 1.05 3.373-2.754-2.092-2.751 2.092 1.053-3.382-2.744-2.1h3.384zm24.938 19.394l-10-4.22a2.48 2.48 0 00-1.921 0l-10 4.22A2.529 2.529 0 0019 24.75c0 10.47 5.964 17.705 11.537 20.057a2.48 2.48 0 001.921 0C36.921 42.924 44 36.421 44 24.75a2.532 2.532 0 00-1.537-2.336zm-2.46 6.023l-9.583 9.705a.83.83 0 01-1.177 0l-5.416-5.485a.855.855 0 010-1.192l1.177-1.192a.83.83 0 011.177 0l3.65 3.697 7.819-7.916a.83.83 0 011.177 0l1.177 1.191a.843.843 0 010 1.192z\" fill=\"#0092FF\"><\/path>\n                  <\/symbol>\n                <\/defs>\n              <\/svg>\n              <svg class=\"svgIcon-sphere\" style=\"width:45px; height:45px;\">\n                <use xlink:href=\"#svgIcon-sphere\"><\/use>\n              <\/svg>\n            <\/div>\n            <p style=\"font-size:10px; text-align:left; font-family:&quot;Helvetica&quot;, sans-serif; color:#07585f; background-color:transparent;\">\n              We use Sendinblue as our marketing platform. By completing and submitting the form, you acknowledge that the information you provide will be sent to Sendinblue for processing in accordance with the <a target=\"_blank\" class=\"clickable_link\" href=\"https:\/\/de.sendinblue.com\/legal\/termsofuse\/\" rel=\"noopener\">terms of use.<\/a> \u00fcbertragen werden.\n            <\/p>\n          <\/div>\n\n        <\/div>\n        <div style=\"padding: 8px 0;\">\n          <div class=\"sib-form-block\" style=\"text-align: left\">\n            <button class=\"sib-form-block__button sib-form-block__button-with-loader\" style=\"font-size:16px; text-align:left; font-weight:700; font-family:&quot;Helvetica&quot;, sans-serif; color:#cbcb04; background-color:#07585f; border-radius:3px; border-width:0px;\" form=\"sib-form\" type=\"submit\">\n              <svg class=\"icon clickable__icon progress-indicator__icon sib-hide-loader-icon\" viewbox=\"0 0 512 512\">\n                <path d=\"M460.116 373.846l-20.823-12.022c-5.541-3.199-7.54-10.159-4.663-15.874 30.137-59.886 28.343-131.652-5.386-189.946-33.641-58.394-94.896-95.833-161.827-99.676C261.028 55.961 256 50.751 256 44.352V20.309c0-6.904 5.808-12.337 12.703-11.982 83.556 4.306 160.163 50.864 202.11 123.677 42.063 72.696 44.079 162.316 6.031 236.832-3.14 6.148-10.75 8.461-16.728 5.01z\" \/>\n              <\/svg>\n              Subscribe\n            <\/button>\n          <\/div>\n        <\/div>\n\n        <input type=\"text\" name=\"email_address_check\" value=\"\" class=\"input--hidden\">\n        <input type=\"hidden\" name=\"locale\" value=\"de\">\n      <input type=\"hidden\" name=\"trp-form-language\" value=\"en\"\/><\/form>\n    <\/div>\n  <\/div>\n<\/div>\n<!-- END - We recommend to place the below code where you want the form in your website html  -->\n\n<!-- START - We recommend to place the below code in footer or bottom of your website html  -->\n<script>\n  window.REQUIRED_CODE_ERROR_MESSAGE = 'W\u00e4hlen Sie bitte einen L\u00e4ndervorwahl aus.';\n  window.LOCALE = 'de';\n  window.EMAIL_INVALID_MESSAGE = window.SMS_INVALID_MESSAGE = \"Die eingegebenen Informationen sind nicht g\u00fcltig. Bitte \u00fcberpr\u00fcfen Sie das Feldformat und versuchen Sie es erneut.\";\n\n  window.REQUIRED_ERROR_MESSAGE = \"Dieses Feld darf nicht leer sein. \";\n\n  window.GENERIC_INVALID_MESSAGE = \"Die eingegebenen Informationen sind nicht g\u00fcltig. Bitte \u00fcberpr\u00fcfen Sie das Feldformat und versuchen Sie es erneut.\";\n\n\n\n\n  window.translation = {\n    common: {\n      selectedList: '{quantity} Liste ausgew\u00e4hlt',\n      selectedLists: '{quantity} Listen ausgew\u00e4hlt'\n    }\n  };\n\n  var AUTOHIDE = Boolean(0);\n<\/script>\n<script src=\"https:\/\/sibforms.com\/forms\/end-form\/build\/main.js\"><\/script>\n\n\n<!-- END - We recommend to place the above code in footer or bottom of your website html  -->\n<!-- End Sendinblue Form -->","protected":false},"excerpt":{"rendered":"<p>Wenn du Fragen hast oder KIM mieten m\u00f6chtest, so melde dich gern bei uns unter post@kimkommt.de. Wenn du auf dem Laufenden bleiben m\u00f6chtest, empfehlen wir dir, KIMs Newsletter zu abonnieren: Ihre Anmeldung konnte nicht gespeichert werden. Bitte versuchen Sie es erneut. Ihre Anmeldung war erfolgreich. Ich m\u00f6chte Ihren Newsletter erhalten und akzeptiere die Datenschutzerkl\u00e4rung. Wir [&hellip;]<\/p>","protected":false},"author":2,"featured_media":0,"parent":0,"menu_order":3,"comment_status":"closed","ping_status":"closed","template":"","meta":{"footnotes":""},"class_list":["post-91","page","type-page","status-publish","hentry"],"yoast_head":"<!-- This site is optimized with the Yoast SEO plugin v23.5 - https:\/\/yoast.com\/wordpress\/plugins\/seo\/ -->\n<title>Kontakt | KIM - KulturInstitutMobil<\/title>\n<meta name=\"robots\" content=\"index, follow, max-snippet:-1, max-image-preview:large, max-video-preview:-1\" \/>\n<link rel=\"canonical\" href=\"https:\/\/kimkommt.de\/en\/kontakt\/\" \/>\n<meta property=\"og:locale\" content=\"en_GB\" \/>\n<meta property=\"og:type\" content=\"article\" \/>\n<meta property=\"og:title\" content=\"Kontakt | KIM - KulturInstitutMobil\" \/>\n<meta property=\"og:description\" content=\"Wenn du Fragen hast oder KIM mieten m\u00f6chtest, so melde dich gern bei uns unter post@kimkommt.de. Wenn du auf dem Laufenden bleiben m\u00f6chtest, empfehlen wir dir, KIMs Newsletter zu abonnieren: Ihre Anmeldung konnte nicht gespeichert werden. Bitte versuchen Sie es erneut. Ihre Anmeldung war erfolgreich. Ich m\u00f6chte Ihren Newsletter erhalten und akzeptiere die Datenschutzerkl\u00e4rung. Wir [&hellip;]\" \/>\n<meta property=\"og:url\" content=\"https:\/\/kimkommt.de\/en\/kontakt\/\" \/>\n<meta property=\"og:site_name\" content=\"KIM - KulturInstitutMobil\" \/>\n<meta property=\"article:publisher\" content=\"https:\/\/www.facebook.com\/kulturinstitutmobil\" \/>\n<meta property=\"article:modified_time\" content=\"2022-03-02T22:38:30+00:00\" \/>\n<meta property=\"og:image\" content=\"https:\/\/kimkommt.de\/wp-content\/uploads\/2022\/03\/Bildschirmfoto-2021-02-17-um-18.01.13.png\" \/>\n\t<meta property=\"og:image:width\" content=\"1454\" \/>\n\t<meta property=\"og:image:height\" content=\"749\" \/>\n\t<meta property=\"og:image:type\" content=\"image\/png\" \/>\n<meta name=\"twitter:card\" content=\"summary_large_image\" \/>\n<meta name=\"twitter:label1\" content=\"Estimated reading time\" \/>\n\t<meta name=\"twitter:data1\" content=\"2 minutes\" \/>\n<script type=\"application\/ld+json\" class=\"yoast-schema-graph\">{\"@context\":\"https:\/\/schema.org\",\"@graph\":[{\"@type\":\"WebPage\",\"@id\":\"https:\/\/kimkommt.de\/kontakt\/\",\"url\":\"https:\/\/kimkommt.de\/kontakt\/\",\"name\":\"Kontakt | KIM - KulturInstitutMobil\",\"isPartOf\":{\"@id\":\"https:\/\/kimkommt.de\/#website\"},\"datePublished\":\"2022-02-07T17:04:10+00:00\",\"dateModified\":\"2022-03-02T22:38:30+00:00\",\"breadcrumb\":{\"@id\":\"https:\/\/kimkommt.de\/kontakt\/#breadcrumb\"},\"inLanguage\":\"en-GB\",\"potentialAction\":[{\"@type\":\"ReadAction\",\"target\":[\"https:\/\/kimkommt.de\/kontakt\/\"]}]},{\"@type\":\"BreadcrumbList\",\"@id\":\"https:\/\/kimkommt.de\/kontakt\/#breadcrumb\",\"itemListElement\":[{\"@type\":\"ListItem\",\"position\":1,\"name\":\"Startseite\",\"item\":\"https:\/\/kimkommt.de\/\"},{\"@type\":\"ListItem\",\"position\":2,\"name\":\"Kontakt\"}]},{\"@type\":\"WebSite\",\"@id\":\"https:\/\/kimkommt.de\/#website\",\"url\":\"https:\/\/kimkommt.de\/\",\"name\":\"KIM - KulturInstitutMobil\",\"description\":\"KIM kommt!\",\"publisher\":{\"@id\":\"https:\/\/kimkommt.de\/#organization\"},\"potentialAction\":[{\"@type\":\"SearchAction\",\"target\":{\"@type\":\"EntryPoint\",\"urlTemplate\":\"https:\/\/kimkommt.de\/?s={search_term_string}\"},\"query-input\":{\"@type\":\"PropertyValueSpecification\",\"valueRequired\":true,\"valueName\":\"search_term_string\"}}],\"inLanguage\":\"en-GB\"},{\"@type\":\"Organization\",\"@id\":\"https:\/\/kimkommt.de\/#organization\",\"name\":\"KIM - KulturInstitutMobil GbR\",\"url\":\"https:\/\/kimkommt.de\/\",\"logo\":{\"@type\":\"ImageObject\",\"inLanguage\":\"en-GB\",\"@id\":\"https:\/\/kimkommt.de\/#\/schema\/logo\/image\/\",\"url\":\"http:\/\/kimkommt.de\/wp-content\/uploads\/2022\/03\/210422_KIM_Illu-Beutel_Zeichenfla\u0308che-1.png\",\"contentUrl\":\"http:\/\/kimkommt.de\/wp-content\/uploads\/2022\/03\/210422_KIM_Illu-Beutel_Zeichenfla\u0308che-1.png\",\"width\":2446,\"height\":2447,\"caption\":\"KIM - KulturInstitutMobil GbR\"},\"image\":{\"@id\":\"https:\/\/kimkommt.de\/#\/schema\/logo\/image\/\"},\"sameAs\":[\"https:\/\/www.facebook.com\/kulturinstitutmobil\",\"https:\/\/www.instagram.com\/kulturinstitutmobil\/\"]}]}<\/script>\n<!-- \/ Yoast SEO plugin. -->","yoast_head_json":{"title":"Kontakt | KIM - KulturInstitutMobil","robots":{"index":"index","follow":"follow","max-snippet":"max-snippet:-1","max-image-preview":"max-image-preview:large","max-video-preview":"max-video-preview:-1"},"canonical":"https:\/\/kimkommt.de\/en\/kontakt\/","og_locale":"en_GB","og_type":"article","og_title":"Kontakt | KIM - KulturInstitutMobil","og_description":"Wenn du Fragen hast oder KIM mieten m\u00f6chtest, so melde dich gern bei uns unter post@kimkommt.de. Wenn du auf dem Laufenden bleiben m\u00f6chtest, empfehlen wir dir, KIMs Newsletter zu abonnieren: Ihre Anmeldung konnte nicht gespeichert werden. Bitte versuchen Sie es erneut. Ihre Anmeldung war erfolgreich. Ich m\u00f6chte Ihren Newsletter erhalten und akzeptiere die Datenschutzerkl\u00e4rung. Wir [&hellip;]","og_url":"https:\/\/kimkommt.de\/en\/kontakt\/","og_site_name":"KIM - KulturInstitutMobil","article_publisher":"https:\/\/www.facebook.com\/kulturinstitutmobil","article_modified_time":"2022-03-02T22:38:30+00:00","og_image":[{"width":1454,"height":749,"url":"https:\/\/kimkommt.de\/wp-content\/uploads\/2022\/03\/Bildschirmfoto-2021-02-17-um-18.01.13.png","type":"image\/png"}],"twitter_card":"summary_large_image","twitter_misc":{"Estimated reading time":"2 minutes"},"schema":{"@context":"https:\/\/schema.org","@graph":[{"@type":"WebPage","@id":"https:\/\/kimkommt.de\/kontakt\/","url":"https:\/\/kimkommt.de\/kontakt\/","name":"Kontakt | KIM - KulturInstitutMobil","isPartOf":{"@id":"https:\/\/kimkommt.de\/#website"},"datePublished":"2022-02-07T17:04:10+00:00","dateModified":"2022-03-02T22:38:30+00:00","breadcrumb":{"@id":"https:\/\/kimkommt.de\/kontakt\/#breadcrumb"},"inLanguage":"en-GB","potentialAction":[{"@type":"ReadAction","target":["https:\/\/kimkommt.de\/kontakt\/"]}]},{"@type":"BreadcrumbList","@id":"https:\/\/kimkommt.de\/kontakt\/#breadcrumb","itemListElement":[{"@type":"ListItem","position":1,"name":"Startseite","item":"https:\/\/kimkommt.de\/"},{"@type":"ListItem","position":2,"name":"Kontakt"}]},{"@type":"WebSite","@id":"https:\/\/kimkommt.de\/#website","url":"https:\/\/kimkommt.de\/","name":"KIM - KulturInstitutMobil","description":"KIM kommt!","publisher":{"@id":"https:\/\/kimkommt.de\/#organization"},"potentialAction":[{"@type":"SearchAction","target":{"@type":"EntryPoint","urlTemplate":"https:\/\/kimkommt.de\/?s={search_term_string}"},"query-input":{"@type":"PropertyValueSpecification","valueRequired":true,"valueName":"search_term_string"}}],"inLanguage":"en-GB"},{"@type":"Organization","@id":"https:\/\/kimkommt.de\/#organization","name":"KIM - KulturInstitutMobil GbR","url":"https:\/\/kimkommt.de\/","logo":{"@type":"ImageObject","inLanguage":"en-GB","@id":"https:\/\/kimkommt.de\/#\/schema\/logo\/image\/","url":"http:\/\/kimkommt.de\/wp-content\/uploads\/2022\/03\/210422_KIM_Illu-Beutel_Zeichenfla\u0308che-1.png","contentUrl":"http:\/\/kimkommt.de\/wp-content\/uploads\/2022\/03\/210422_KIM_Illu-Beutel_Zeichenfla\u0308che-1.png","width":2446,"height":2447,"caption":"KIM - KulturInstitutMobil GbR"},"image":{"@id":"https:\/\/kimkommt.de\/#\/schema\/logo\/image\/"},"sameAs":["https:\/\/www.facebook.com\/kulturinstitutmobil","https:\/\/www.instagram.com\/kulturinstitutmobil\/"]}]}},"_links":{"self":[{"href":"https:\/\/kimkommt.de\/en\/wp-json\/wp\/v2\/pages\/91","targetHints":{"allow":["GET"]}}],"collection":[{"href":"https:\/\/kimkommt.de\/en\/wp-json\/wp\/v2\/pages"}],"about":[{"href":"https:\/\/kimkommt.de\/en\/wp-json\/wp\/v2\/types\/page"}],"author":[{"embeddable":true,"href":"https:\/\/kimkommt.de\/en\/wp-json\/wp\/v2\/users\/2"}],"replies":[{"embeddable":true,"href":"https:\/\/kimkommt.de\/en\/wp-json\/wp\/v2\/comments?post=91"}],"version-history":[{"count":5,"href":"https:\/\/kimkommt.de\/en\/wp-json\/wp\/v2\/pages\/91\/revisions"}],"predecessor-version":[{"id":469,"href":"https:\/\/kimkommt.de\/en\/wp-json\/wp\/v2\/pages\/91\/revisions\/469"}],"wp:attachment":[{"href":"https:\/\/kimkommt.de\/en\/wp-json\/wp\/v2\/media?parent=91"}],"curies":[{"name":"wp","href":"https:\/\/api.w.org\/{rel}","templated":true}]}}